{"id":2044,"date":"2025-01-09T22:03:31","date_gmt":"2025-01-10T03:03:31","guid":{"rendered":"https:\/\/sentir.pl\/?post_type=product&#038;p=2044"},"modified":"2026-02-21T02:06:35","modified_gmt":"2026-02-21T07:06:35","slug":"producto-nuevo3","status":"publish","type":"product","link":"https:\/\/sentir.pl\/index.php\/product\/producto-nuevo3\/","title":{"rendered":"Naszyjnik z bia\u0142ego z\u0142ota w okr\u0105g\u0142ym kszta\u0142cie ze szmaragdem 0,35ct"},"content":{"rendered":"<p>Naszyjnik w okr\u0105g\u0142ym kszta\u0142cie z naturalnym kolumbijskim szmaragdem o masie 0,35 karata, wykonany z wykonany z\u00a0 bia\u0142ego z\u0142ota.<\/p>\n<p><strong>Bi\u017cuteria z szmaragdami<\/strong>\u00a0stanowi wyj\u0105tkowe i ekskluzywne kolekcje dla mi\u0142o\u015bnik\u00f3w klejnot\u00f3w.<\/p>\n<p><strong>Kamie\u0144 urodzinowy miesi\u0105ca maj,<\/strong>\u00a0kojarzony jest z wiosn\u0105 i celebracj\u0105 \u017cycia. Urok bogatej i nasyconej zieleni zachwyci i zwr\u00f3ci uwag\u0119 ka\u017cdego.\u00a0Kolor zielony \u0142agodzi r\u00f3wnie\u017c stres i zm\u0119czenie oczu.<\/p>\n<div class=\"elementor-element elementor-element-a076f10 elementor-widget elementor-widget-text-editor\" data-id=\"a076f10\" data-element_type=\"widget\" data-widget_type=\"text-editor.default\">\n<div class=\"elementor-widget-container\">\n<p><strong>Teraz mo\u017cesz podarowa\u0107 szmaragd \u2013 symbol luksusu i elegancji, sobie lub bliskiej Tobie osobie.<\/strong><\/p>\n<\/div>\n<\/div>\n","protected":false},"excerpt":{"rendered":"<p>Naszyjnik w okr\u0105g\u0142ym kszta\u0142cie z naturalnym kolumbijskim szmaragdem o masie 0,35 karata<\/p>\n<p>Wykonany z bia\u0142ego z\u0142ota.<\/p>\n<p>Pochodzenie: Kolumbia, kt\u00f3ra<strong>\u00a0jest pionierem pod wzgl\u0119dem koloru i jako\u015bci szmaragd\u00f3w.<\/strong>\u00a0Trzy najs\u0142ynniejsze kopalnie Muzo, Chivor i Coscuez posiadaj\u0105 game przejrzystych zielonych kolor\u00f3w.<\/p>\n<p><strong>Jako\u015b\u0107 potwierdzona certyfikatem<\/strong><br \/>\nNasze szmaragdy s\u0105 certyfikowane przez specjalist\u0119 w dziedzinie gemologii i projektowania bi\u017cuterii w Kolumbijskim Instytucie Gemologicznym\u00a0<strong>(Instituto Colombiano de Gemologia)<\/strong>\u00a0\u2013\u00a0<a href=\"https:\/\/icgemlab.com\/\">https:\/\/icgemlab.com\/<\/a><\/p>\n","protected":false},"featured_media":2045,"comment_status":"open","ping_status":"closed","template":"","meta":{"site-sidebar-layout":"default","site-content-layout":"content-boxed-container","ast-site-content-layout":"normal-width-container","site-content-style":"boxed","site-sidebar-style":"unboxed","ast-global-header-display":"","ast-banner-title-visibility":"","ast-main-header-display":"","ast-hfb-above-header-display":"","ast-hfb-below-header-display":"","ast-hfb-mobile-header-display":"","site-post-title":"","ast-breadcrumbs-content":"","ast-featured-img":"","footer-sml-layout":"","ast-disable-related-posts":"","theme-transparent-header-meta":"default","adv-header-id-meta":"","stick-header-meta":"","header-above-stick-meta":"","header-main-stick-meta":"","header-below-stick-meta":"","astra-migrate-meta-layouts":"set","ast-page-background-enabled":"default","ast-page-background-meta":{"desktop":{"background-color":"var(--ast-global-color-4)","background-image":"","background-repeat":"repeat","background-position":"center center","background-size":"auto","background-attachment":"scroll","background-type":"","background-media":"","overlay-type":"","overlay-color":"","overlay-opacity":"","overlay-gradient":""},"tablet":{"background-color":"","background-image":"","background-repeat":"repeat","background-position":"center center","background-size":"auto","background-attachment":"scroll","background-type":"","background-media":"","overlay-type":"","overlay-color":"","overlay-opacity":"","overlay-gradient":""},"mobile":{"background-color":"","background-image":"","background-repeat":"repeat","background-position":"center center","background-size":"auto","background-attachment":"scroll","background-type":"","background-media":"","overlay-type":"","overlay-color":"","overlay-opacity":"","overlay-gradient":""}},"ast-content-background-meta":{"desktop":{"background-color":"var(--ast-global-color-5)","background-image":"","background-repeat":"repeat","background-position":"center center","background-size":"auto","background-attachment":"scroll","background-type":"","background-media":"","overlay-type":"","overlay-color":"","overlay-opacity":"","overlay-gradient":""},"tablet":{"background-color":"var(--ast-global-color-5)","background-image":"","background-repeat":"repeat","background-position":"center center","background-size":"auto","background-attachment":"scroll","background-type":"","background-media":"","overlay-type":"","overlay-color":"","overlay-opacity":"","overlay-gradient":""},"mobile":{"background-color":"var(--ast-global-color-5)","background-image":"","background-repeat":"repeat","background-position":"center center","background-size":"auto","background-attachment":"scroll","background-type":"","background-media":"","overlay-type":"","overlay-color":"","overlay-opacity":"","overlay-gradient":""}}},"product_cat":[15],"product_tag":[],"class_list":{"0":"post-2044","1":"product","2":"type-product","3":"status-publish","4":"has-post-thumbnail","6":"product_cat-naszyjniki","7":"desktop-align-left","8":"tablet-align-left","9":"mobile-align-left","11":"first","12":"instock","13":"shipping-taxable","14":"purchasable","15":"product-type-simple"},"jetpack_sharing_enabled":true,"_links":{"self":[{"href":"https:\/\/sentir.pl\/index.php\/wp-json\/wp\/v2\/product\/2044"}],"collection":[{"href":"https:\/\/sentir.pl\/index.php\/wp-json\/wp\/v2\/product"}],"about":[{"href":"https:\/\/sentir.pl\/index.php\/wp-json\/wp\/v2\/types\/product"}],"replies":[{"embeddable":true,"href":"https:\/\/sentir.pl\/index.php\/wp-json\/wp\/v2\/comments?post=2044"}],"wp:featuredmedia":[{"embeddable":true,"href":"https:\/\/sentir.pl\/index.php\/wp-json\/wp\/v2\/media\/2045"}],"wp:attachment":[{"href":"https:\/\/sentir.pl\/index.php\/wp-json\/wp\/v2\/media?parent=2044"}],"wp:term":[{"taxonomy":"product_cat","embeddable":true,"href":"https:\/\/sentir.pl\/index.php\/wp-json\/wp\/v2\/product_cat?post=2044"},{"taxonomy":"product_tag","embeddable":true,"href":"https:\/\/sentir.pl\/index.php\/wp-json\/wp\/v2\/product_tag?post=2044"}],"curies":[{"name":"wp","href":"https:\/\/api.w.org\/{rel}","templated":true}]}}